{"id":120,"date":"2025-07-14T21:49:22","date_gmt":"2025-07-14T19:49:22","guid":{"rendered":"https:\/\/totalnabiologia-konsultacje.pl\/?page_id=120"},"modified":"2025-07-15T19:33:21","modified_gmt":"2025-07-15T17:33:21","slug":"referencje","status":"publish","type":"page","link":"https:\/\/totalnabiologia-konsultacje.pl\/?page_id=120","title":{"rendered":"Referencje"},"content":{"rendered":"\n<p><\/p>\n\n\n\n<p><\/p>\n\n\n\n<p>Pan Pawe\u0142 w temacie Totalnej Biologii\u00ae bardzo profesjonalnie podszed\u0142 do tematu. Stworzy\u0142 ciep\u0142\u0105, przyjemn\u0105, bezpieczn\u0105 atmosfer\u0119, w czym z pewno\u015bci\u0105 pomog\u0142o jego wykszta\u0142cenie i do\u015bwiadczenie w dziedzinie psychologii. Po\u015bwi\u0119ci\u0142 mi du\u017co czasu na odkrywanie powi\u0105za\u0144 p\u0142yn\u0105cych z wydarze\u0144 w przesz\u0142o\u015bci mojej rodziny, a ich wyp\u0142ywem na moje \u017cycie &#8220;tu i teraz&#8221;. Wsp\u00f3lne spotkania da\u0142y mi wgl\u0105d w drzewo genealogiczne rodziny, obudzi\u0142o we mnie ch\u0119\u0107 zbli\u017cenia z rodzin\u0105 i leprze poznanie jej historii.<\/p>\n\n\n\n<p class=\"has-text-align-right\">Weronika<\/p>\n\n\n\n<p><\/p>\n\n\n\n<p><\/p>\n\n\n\n<p>Mia\u0142em przyjemno\u015b\u0107 uczestniczy\u0107 w sesjach z Panem Paw\u0142em, kt\u00f3re by\u0142y dla mnie wyj\u0105tkowym do\u015bwiadczeniem. Jego zaanga\u017cowanie i profesjonalizm w pracy w systemie Totalnej Biologii\u00ae zrobi\u0142y na mnie ogromne wra\u017cenie. Pan Pawe\u0142 po\u015bwi\u0119ci\u0142 wiele czasu, aby szczeg\u00f3\u0142owo wyja\u015bni\u0107 mi mechanizmy, kt\u00f3re le\u017c\u0105 u podstaw mojego sposobu my\u015blenia i postrzegania \u015bwiata. Dzi\u0119ki rozmowom z nim mog\u0142em spojrze\u0107 na wydarzenia z mojej przesz\u0142o\u015bci z zupe\u0142nie innej perspektywy. Zrozumia\u0142em, jak g\u0142\u0119boko wp\u0142ywaj\u0105 one na moje obecne \u017cycie i postrzeganie rzeczywisto\u015bci. Sesje z Panem Paw\u0142em by\u0142y bardzo wnikliwe i pe\u0142ne refleksji. Wzbudzi\u0142y we mnie wiele przemy\u015ble\u0144, kt\u00f3re, cho\u0107 nie zawsze \u0142atwe, zdecydowanie przyczyni\u0142y si\u0119 do pozytywnych zmian w moim codziennym funkcjonowaniu. Serdecznie polecam Pana Paw\u0142a ka\u017cdemu, kto chce lepiej zrozumie\u0107 siebie, swoje emocje i relacje z otoczeniem. Jestem wdzi\u0119czny za t\u0119 mo\u017cliwo\u015b\u0107 i za nowe spojrzenie, kt\u00f3re wynios\u0142em z naszych rozm\u00f3w.<\/p>\n\n\n\n<p class=\"has-text-align-right\">Kacper<\/p>\n\n\n\n<p><\/p>\n\n\n\n<p><\/p>\n","protected":false},"excerpt":{"rendered":"<p>Pan Pawe\u0142 w temacie Totalnej Biologii\u00ae bardzo profesjonalnie podszed\u0142 do tematu. Stworzy\u0142 ciep\u0142\u0105, przyjemn\u0105, bezpieczn\u0105 atmosfer\u0119, w czym z pewno\u015bci\u0105 pomog\u0142o jego wykszta\u0142cenie i do\u015bwiadczenie w dziedzinie psychologii. Po\u015bwi\u0119ci\u0142 mi du\u017co czasu na odkrywanie powi\u0105za\u0144 p\u0142yn\u0105cych z wydarze\u0144 w przesz\u0142o\u015bci mojej rodziny, a ich wyp\u0142ywem na moje \u017cycie &#8220;tu i teraz&#8221;. Wsp\u00f3lne spotkania da\u0142y mi [&hellip;]<\/p>\n","protected":false},"author":1,"featured_media":0,"parent":0,"menu_order":0,"comment_status":"closed","ping_status":"closed","template":"","meta":{"_editorskit_title_hidden":false,"_editorskit_reading_time":0,"_editorskit_is_block_options_detached":false,"_editorskit_block_options_position":"{}","footnotes":""},"class_list":["post-120","page","type-page","status-publish","hentry"],"yoast_head":"<!-- This site is optimized with the Yoast SEO plugin v23.7 - https:\/\/yoast.com\/wordpress\/plugins\/seo\/ -->\n<title>Referencje - Totalna Biologia\u00ae<\/title>\n<meta name=\"robots\" content=\"index, follow, max-snippet:-1, max-image-preview:large, max-video-preview:-1\" \/>\n<link rel=\"canonical\" href=\"https:\/\/totalnabiologia-konsultacje.pl\/?page_id=120\" \/>\n<meta property=\"og:locale\" content=\"en_US\" \/>\n<meta property=\"og:type\" content=\"article\" \/>\n<meta property=\"og:title\" content=\"Referencje - Totalna Biologia\u00ae\" \/>\n<meta property=\"og:description\" content=\"Pan Pawe\u0142 w temacie Totalnej Biologii\u00ae bardzo profesjonalnie podszed\u0142 do tematu. Stworzy\u0142 ciep\u0142\u0105, przyjemn\u0105, bezpieczn\u0105 atmosfer\u0119, w czym z pewno\u015bci\u0105 pomog\u0142o jego wykszta\u0142cenie i do\u015bwiadczenie w dziedzinie psychologii. Po\u015bwi\u0119ci\u0142 mi du\u017co czasu na odkrywanie powi\u0105za\u0144 p\u0142yn\u0105cych z wydarze\u0144 w przesz\u0142o\u015bci mojej rodziny, a ich wyp\u0142ywem na moje \u017cycie &#8220;tu i teraz&#8221;. Wsp\u00f3lne spotkania da\u0142y mi [&hellip;]\" \/>\n<meta property=\"og:url\" content=\"https:\/\/totalnabiologia-konsultacje.pl\/?page_id=120\" \/>\n<meta property=\"og:site_name\" content=\"Totalna Biologia\u00ae\" \/>\n<meta property=\"article:modified_time\" content=\"2025-07-15T17:33:21+00:00\" \/>\n<meta name=\"twitter:card\" content=\"summary_large_image\" \/>\n<meta name=\"twitter:label1\" content=\"Est. reading time\" \/>\n\t<meta name=\"twitter:data1\" content=\"1 minute\" \/>\n<script type=\"application\/ld+json\" class=\"yoast-schema-graph\">{\"@context\":\"https:\/\/schema.org\",\"@graph\":[{\"@type\":\"WebPage\",\"@id\":\"https:\/\/totalnabiologia-konsultacje.pl\/?page_id=120\",\"url\":\"https:\/\/totalnabiologia-konsultacje.pl\/?page_id=120\",\"name\":\"Referencje - Totalna Biologia\u00ae\",\"isPartOf\":{\"@id\":\"https:\/\/totalnabiologia-konsultacje.pl\/#website\"},\"datePublished\":\"2025-07-14T19:49:22+00:00\",\"dateModified\":\"2025-07-15T17:33:21+00:00\",\"breadcrumb\":{\"@id\":\"https:\/\/totalnabiologia-konsultacje.pl\/?page_id=120#breadcrumb\"},\"inLanguage\":\"en-US\",\"potentialAction\":[{\"@type\":\"ReadAction\",\"target\":[\"https:\/\/totalnabiologia-konsultacje.pl\/?page_id=120\"]}]},{\"@type\":\"BreadcrumbList\",\"@id\":\"https:\/\/totalnabiologia-konsultacje.pl\/?page_id=120#breadcrumb\",\"itemListElement\":[{\"@type\":\"ListItem\",\"position\":1,\"name\":\"Strona g\u0142\u00f3wna\",\"item\":\"https:\/\/totalnabiologia-konsultacje.pl\/\"},{\"@type\":\"ListItem\",\"position\":2,\"name\":\"Referencje\"}]},{\"@type\":\"WebSite\",\"@id\":\"https:\/\/totalnabiologia-konsultacje.pl\/#website\",\"url\":\"https:\/\/totalnabiologia-konsultacje.pl\/\",\"name\":\"Totalna Biologia\u00ae\",\"description\":\"\",\"potentialAction\":[{\"@type\":\"SearchAction\",\"target\":{\"@type\":\"EntryPoint\",\"urlTemplate\":\"https:\/\/totalnabiologia-konsultacje.pl\/?s={search_term_string}\"},\"query-input\":{\"@type\":\"PropertyValueSpecification\",\"valueRequired\":true,\"valueName\":\"search_term_string\"}}],\"inLanguage\":\"en-US\"}]}<\/script>\n<!-- \/ Yoast SEO plugin. -->","yoast_head_json":{"title":"Referencje - Totalna Biologia\u00ae","robots":{"index":"index","follow":"follow","max-snippet":"max-snippet:-1","max-image-preview":"max-image-preview:large","max-video-preview":"max-video-preview:-1"},"canonical":"https:\/\/totalnabiologia-konsultacje.pl\/?page_id=120","og_locale":"en_US","og_type":"article","og_title":"Referencje - Totalna Biologia\u00ae","og_description":"Pan Pawe\u0142 w temacie Totalnej Biologii\u00ae bardzo profesjonalnie podszed\u0142 do tematu. Stworzy\u0142 ciep\u0142\u0105, przyjemn\u0105, bezpieczn\u0105 atmosfer\u0119, w czym z pewno\u015bci\u0105 pomog\u0142o jego wykszta\u0142cenie i do\u015bwiadczenie w dziedzinie psychologii. Po\u015bwi\u0119ci\u0142 mi du\u017co czasu na odkrywanie powi\u0105za\u0144 p\u0142yn\u0105cych z wydarze\u0144 w przesz\u0142o\u015bci mojej rodziny, a ich wyp\u0142ywem na moje \u017cycie &#8220;tu i teraz&#8221;. Wsp\u00f3lne spotkania da\u0142y mi [&hellip;]","og_url":"https:\/\/totalnabiologia-konsultacje.pl\/?page_id=120","og_site_name":"Totalna Biologia\u00ae","article_modified_time":"2025-07-15T17:33:21+00:00","twitter_card":"summary_large_image","twitter_misc":{"Est. reading time":"1 minute"},"schema":{"@context":"https:\/\/schema.org","@graph":[{"@type":"WebPage","@id":"https:\/\/totalnabiologia-konsultacje.pl\/?page_id=120","url":"https:\/\/totalnabiologia-konsultacje.pl\/?page_id=120","name":"Referencje - Totalna Biologia\u00ae","isPartOf":{"@id":"https:\/\/totalnabiologia-konsultacje.pl\/#website"},"datePublished":"2025-07-14T19:49:22+00:00","dateModified":"2025-07-15T17:33:21+00:00","breadcrumb":{"@id":"https:\/\/totalnabiologia-konsultacje.pl\/?page_id=120#breadcrumb"},"inLanguage":"en-US","potentialAction":[{"@type":"ReadAction","target":["https:\/\/totalnabiologia-konsultacje.pl\/?page_id=120"]}]},{"@type":"BreadcrumbList","@id":"https:\/\/totalnabiologia-konsultacje.pl\/?page_id=120#breadcrumb","itemListElement":[{"@type":"ListItem","position":1,"name":"Strona g\u0142\u00f3wna","item":"https:\/\/totalnabiologia-konsultacje.pl\/"},{"@type":"ListItem","position":2,"name":"Referencje"}]},{"@type":"WebSite","@id":"https:\/\/totalnabiologia-konsultacje.pl\/#website","url":"https:\/\/totalnabiologia-konsultacje.pl\/","name":"Totalna Biologia\u00ae","description":"","potentialAction":[{"@type":"SearchAction","target":{"@type":"EntryPoint","urlTemplate":"https:\/\/totalnabiologia-konsultacje.pl\/?s={search_term_string}"},"query-input":{"@type":"PropertyValueSpecification","valueRequired":true,"valueName":"search_term_string"}}],"inLanguage":"en-US"}]}},"_links":{"self":[{"href":"https:\/\/totalnabiologia-konsultacje.pl\/index.php?rest_route=\/wp\/v2\/pages\/120","targetHints":{"allow":["GET"]}}],"collection":[{"href":"https:\/\/totalnabiologia-konsultacje.pl\/index.php?rest_route=\/wp\/v2\/pages"}],"about":[{"href":"https:\/\/totalnabiologia-konsultacje.pl\/index.php?rest_route=\/wp\/v2\/types\/page"}],"author":[{"embeddable":true,"href":"https:\/\/totalnabiologia-konsultacje.pl\/index.php?rest_route=\/wp\/v2\/users\/1"}],"replies":[{"embeddable":true,"href":"https:\/\/totalnabiologia-konsultacje.pl\/index.php?rest_route=%2Fwp%2Fv2%2Fcomments&post=120"}],"version-history":[{"count":5,"href":"https:\/\/totalnabiologia-konsultacje.pl\/index.php?rest_route=\/wp\/v2\/pages\/120\/revisions"}],"predecessor-version":[{"id":129,"href":"https:\/\/totalnabiologia-konsultacje.pl\/index.php?rest_route=\/wp\/v2\/pages\/120\/revisions\/129"}],"wp:attachment":[{"href":"https:\/\/totalnabiologia-konsultacje.pl\/index.php?rest_route=%2Fwp%2Fv2%2Fmedia&parent=120"}],"curies":[{"name":"wp","href":"https:\/\/api.w.org\/{rel}","templated":true}]}}