{"id":23,"date":"2024-10-06T13:14:33","date_gmt":"2024-10-06T11:14:33","guid":{"rendered":"https:\/\/totalnabiologia-konsultacje.pl\/?page_id=23"},"modified":"2024-10-13T15:43:59","modified_gmt":"2024-10-13T13:43:59","slug":"wstep","status":"publish","type":"page","link":"https:\/\/totalnabiologia-konsultacje.pl\/?page_id=23","title":{"rendered":"Wst\u0119p"},"content":{"rendered":"\n<p>Z ogromn\u0105 przyjemno\u015bci\u0105 i satysfakcj\u0105 pracuj\u0119 metod\u0105 Totalnej Biologii\u00ae. Ciesz\u0119 si\u0119, \u017ce mam mo\u017cliwo\u015b\u0107 korzysta\u0107 z niej w trakcie pracy z klientem.<br>Na naszej drodze cz\u0119sto staj\u0105 wyzwania w postaci dolegliwo\u015bci lub choroby. Metoda w skuteczny spos\u00f3b pozwala nam odnale\u015b\u0107 ich przyczyny. U\u015bwiadamiaj\u0105c je sobie mo\u017cemy i\u015b\u0107 dalej przez \u017cycie bogatszym o zrozumienie i wi\u0119ksz\u0105 \u015bwiadomo\u015b\u0107. Ponadto zrozumienie przyczyny mo\u017ce sta\u0107 si\u0119 pocz\u0105tkiem procesu zdrowienia i wp\u0142yn\u0105\u0107 pozytywnie na nasze samopoczucie. B\u0119dzie mi bardzo mi\u0142o spotka\u0107 si\u0119 z Tob\u0105 na konsultacji i towarzyszy\u0107 Ci na drodze do pog\u0142\u0119biania wiedzy na temat siebie i swoich przodk\u00f3w, kt\u00f3ra b\u0119dzie mia\u0142a pozytywne\u00a0dzia\u0142anie na Twoje \u017cycie. \u017bycie jest po to aby realizowa\u0107 sw\u00f3j potencja\u0142.<\/p>\n","protected":false},"excerpt":{"rendered":"<p>Z ogromn\u0105 przyjemno\u015bci\u0105 i satysfakcj\u0105 pracuj\u0119 metod\u0105 Totalnej Biologii\u00ae. Ciesz\u0119 si\u0119, \u017ce mam mo\u017cliwo\u015b\u0107 korzysta\u0107 z niej w trakcie pracy z klientem.Na naszej drodze cz\u0119sto staj\u0105 wyzwania w postaci dolegliwo\u015bci lub choroby. Metoda w skuteczny spos\u00f3b pozwala nam odnale\u015b\u0107 ich przyczyny. U\u015bwiadamiaj\u0105c je sobie mo\u017cemy i\u015b\u0107 dalej przez \u017cycie bogatszym o zrozumienie i wi\u0119ksz\u0105 \u015bwiadomo\u015b\u0107. [&hellip;]<\/p>\n","protected":false},"author":1,"featured_media":0,"parent":0,"menu_order":0,"comment_status":"closed","ping_status":"closed","template":"","meta":{"_editorskit_title_hidden":false,"_editorskit_reading_time":0,"_editorskit_is_block_options_detached":false,"_editorskit_block_options_position":"{}","footnotes":""},"class_list":["post-23","page","type-page","status-publish","hentry"],"yoast_head":"<!-- This site is optimized with the Yoast SEO plugin v23.7 - https:\/\/yoast.com\/wordpress\/plugins\/seo\/ -->\n<title>Wst\u0119p - Totalna Biologia\u00ae<\/title>\n<meta name=\"robots\" content=\"index, follow, max-snippet:-1, max-image-preview:large, max-video-preview:-1\" \/>\n<link rel=\"canonical\" href=\"https:\/\/totalnabiologia-konsultacje.pl\/?page_id=23\" \/>\n<meta property=\"og:locale\" content=\"en_US\" \/>\n<meta property=\"og:type\" content=\"article\" \/>\n<meta property=\"og:title\" content=\"Wst\u0119p - Totalna Biologia\u00ae\" \/>\n<meta property=\"og:description\" content=\"Z ogromn\u0105 przyjemno\u015bci\u0105 i satysfakcj\u0105 pracuj\u0119 metod\u0105 Totalnej Biologii\u00ae. Ciesz\u0119 si\u0119, \u017ce mam mo\u017cliwo\u015b\u0107 korzysta\u0107 z niej w trakcie pracy z klientem.Na naszej drodze cz\u0119sto staj\u0105 wyzwania w postaci dolegliwo\u015bci lub choroby. Metoda w skuteczny spos\u00f3b pozwala nam odnale\u015b\u0107 ich przyczyny. U\u015bwiadamiaj\u0105c je sobie mo\u017cemy i\u015b\u0107 dalej przez \u017cycie bogatszym o zrozumienie i wi\u0119ksz\u0105 \u015bwiadomo\u015b\u0107. [&hellip;]\" \/>\n<meta property=\"og:url\" content=\"https:\/\/totalnabiologia-konsultacje.pl\/?page_id=23\" \/>\n<meta property=\"og:site_name\" content=\"Totalna Biologia\u00ae\" \/>\n<meta property=\"article:modified_time\" content=\"2024-10-13T13:43:59+00:00\" \/>\n<meta name=\"twitter:card\" content=\"summary_large_image\" \/>\n<meta name=\"twitter:label1\" content=\"Est. reading time\" \/>\n\t<meta name=\"twitter:data1\" content=\"1 minute\" \/>\n<script type=\"application\/ld+json\" class=\"yoast-schema-graph\">{\"@context\":\"https:\/\/schema.org\",\"@graph\":[{\"@type\":\"WebPage\",\"@id\":\"https:\/\/totalnabiologia-konsultacje.pl\/?page_id=23\",\"url\":\"https:\/\/totalnabiologia-konsultacje.pl\/?page_id=23\",\"name\":\"Wst\u0119p - Totalna Biologia\u00ae\",\"isPartOf\":{\"@id\":\"https:\/\/totalnabiologia-konsultacje.pl\/#website\"},\"datePublished\":\"2024-10-06T11:14:33+00:00\",\"dateModified\":\"2024-10-13T13:43:59+00:00\",\"breadcrumb\":{\"@id\":\"https:\/\/totalnabiologia-konsultacje.pl\/?page_id=23#breadcrumb\"},\"inLanguage\":\"en-US\",\"potentialAction\":[{\"@type\":\"ReadAction\",\"target\":[\"https:\/\/totalnabiologia-konsultacje.pl\/?page_id=23\"]}]},{\"@type\":\"BreadcrumbList\",\"@id\":\"https:\/\/totalnabiologia-konsultacje.pl\/?page_id=23#breadcrumb\",\"itemListElement\":[{\"@type\":\"ListItem\",\"position\":1,\"name\":\"Strona g\u0142\u00f3wna\",\"item\":\"https:\/\/totalnabiologia-konsultacje.pl\/\"},{\"@type\":\"ListItem\",\"position\":2,\"name\":\"Wst\u0119p\"}]},{\"@type\":\"WebSite\",\"@id\":\"https:\/\/totalnabiologia-konsultacje.pl\/#website\",\"url\":\"https:\/\/totalnabiologia-konsultacje.pl\/\",\"name\":\"Totalna Biologia\u00ae\",\"description\":\"\",\"potentialAction\":[{\"@type\":\"SearchAction\",\"target\":{\"@type\":\"EntryPoint\",\"urlTemplate\":\"https:\/\/totalnabiologia-konsultacje.pl\/?s={search_term_string}\"},\"query-input\":{\"@type\":\"PropertyValueSpecification\",\"valueRequired\":true,\"valueName\":\"search_term_string\"}}],\"inLanguage\":\"en-US\"}]}<\/script>\n<!-- \/ Yoast SEO plugin. -->","yoast_head_json":{"title":"Wst\u0119p - Totalna Biologia\u00ae","robots":{"index":"index","follow":"follow","max-snippet":"max-snippet:-1","max-image-preview":"max-image-preview:large","max-video-preview":"max-video-preview:-1"},"canonical":"https:\/\/totalnabiologia-konsultacje.pl\/?page_id=23","og_locale":"en_US","og_type":"article","og_title":"Wst\u0119p - Totalna Biologia\u00ae","og_description":"Z ogromn\u0105 przyjemno\u015bci\u0105 i satysfakcj\u0105 pracuj\u0119 metod\u0105 Totalnej Biologii\u00ae. Ciesz\u0119 si\u0119, \u017ce mam mo\u017cliwo\u015b\u0107 korzysta\u0107 z niej w trakcie pracy z klientem.Na naszej drodze cz\u0119sto staj\u0105 wyzwania w postaci dolegliwo\u015bci lub choroby. Metoda w skuteczny spos\u00f3b pozwala nam odnale\u015b\u0107 ich przyczyny. U\u015bwiadamiaj\u0105c je sobie mo\u017cemy i\u015b\u0107 dalej przez \u017cycie bogatszym o zrozumienie i wi\u0119ksz\u0105 \u015bwiadomo\u015b\u0107. [&hellip;]","og_url":"https:\/\/totalnabiologia-konsultacje.pl\/?page_id=23","og_site_name":"Totalna Biologia\u00ae","article_modified_time":"2024-10-13T13:43:59+00:00","twitter_card":"summary_large_image","twitter_misc":{"Est. reading time":"1 minute"},"schema":{"@context":"https:\/\/schema.org","@graph":[{"@type":"WebPage","@id":"https:\/\/totalnabiologia-konsultacje.pl\/?page_id=23","url":"https:\/\/totalnabiologia-konsultacje.pl\/?page_id=23","name":"Wst\u0119p - Totalna Biologia\u00ae","isPartOf":{"@id":"https:\/\/totalnabiologia-konsultacje.pl\/#website"},"datePublished":"2024-10-06T11:14:33+00:00","dateModified":"2024-10-13T13:43:59+00:00","breadcrumb":{"@id":"https:\/\/totalnabiologia-konsultacje.pl\/?page_id=23#breadcrumb"},"inLanguage":"en-US","potentialAction":[{"@type":"ReadAction","target":["https:\/\/totalnabiologia-konsultacje.pl\/?page_id=23"]}]},{"@type":"BreadcrumbList","@id":"https:\/\/totalnabiologia-konsultacje.pl\/?page_id=23#breadcrumb","itemListElement":[{"@type":"ListItem","position":1,"name":"Strona g\u0142\u00f3wna","item":"https:\/\/totalnabiologia-konsultacje.pl\/"},{"@type":"ListItem","position":2,"name":"Wst\u0119p"}]},{"@type":"WebSite","@id":"https:\/\/totalnabiologia-konsultacje.pl\/#website","url":"https:\/\/totalnabiologia-konsultacje.pl\/","name":"Totalna Biologia\u00ae","description":"","potentialAction":[{"@type":"SearchAction","target":{"@type":"EntryPoint","urlTemplate":"https:\/\/totalnabiologia-konsultacje.pl\/?s={search_term_string}"},"query-input":{"@type":"PropertyValueSpecification","valueRequired":true,"valueName":"search_term_string"}}],"inLanguage":"en-US"}]}},"_links":{"self":[{"href":"https:\/\/totalnabiologia-konsultacje.pl\/index.php?rest_route=\/wp\/v2\/pages\/23","targetHints":{"allow":["GET"]}}],"collection":[{"href":"https:\/\/totalnabiologia-konsultacje.pl\/index.php?rest_route=\/wp\/v2\/pages"}],"about":[{"href":"https:\/\/totalnabiologia-konsultacje.pl\/index.php?rest_route=\/wp\/v2\/types\/page"}],"author":[{"embeddable":true,"href":"https:\/\/totalnabiologia-konsultacje.pl\/index.php?rest_route=\/wp\/v2\/users\/1"}],"replies":[{"embeddable":true,"href":"https:\/\/totalnabiologia-konsultacje.pl\/index.php?rest_route=%2Fwp%2Fv2%2Fcomments&post=23"}],"version-history":[{"count":10,"href":"https:\/\/totalnabiologia-konsultacje.pl\/index.php?rest_route=\/wp\/v2\/pages\/23\/revisions"}],"predecessor-version":[{"id":112,"href":"https:\/\/totalnabiologia-konsultacje.pl\/index.php?rest_route=\/wp\/v2\/pages\/23\/revisions\/112"}],"wp:attachment":[{"href":"https:\/\/totalnabiologia-konsultacje.pl\/index.php?rest_route=%2Fwp%2Fv2%2Fmedia&parent=23"}],"curies":[{"name":"wp","href":"https:\/\/api.w.org\/{rel}","templated":true}]}}