{"id":30,"date":"2024-10-06T13:14:14","date_gmt":"2024-10-06T11:14:14","guid":{"rendered":"https:\/\/totalnabiologia-konsultacje.pl\/?page_id=30"},"modified":"2024-10-08T21:36:30","modified_gmt":"2024-10-08T19:36:30","slug":"metoda","status":"publish","type":"page","link":"https:\/\/totalnabiologia-konsultacje.pl\/?page_id=30","title":{"rendered":"Metoda"},"content":{"rendered":"<p style=\"text-align:justify;\">Totalna Biologia\u00ae jest metod\u0105, kt\u00f3rej tw\u00f3rc\u0105 jest dr Gilbert Renaud w oparciu o odkrycia m.in dr Clauda Sabbah&#8217;a, dr Ryke Geerd&#8217;a Hamer&#8217;a, Marca Fr\u00e9cheta czy Anne Ancelin Sch\u00fctzenberger.<br \/>\nZak\u0142ada, \u017ce choroba jest spowodowana konfliktem emocjonalnym jaki do\u015bwiadczy\u0142a osoba lub kto\u015b z jej bli\u017cszej lub dalszej rodziny.<br \/>\nMetoda postrzega chorob\u0119 jako pomoc ze strony m\u00f3zgu, kt\u00f3ry z powodu zbyt du\u017cego stresu przejmuje stery i przenosi emocje na cia\u0142o, aby osoba mog\u0142a w tym czasie zrozumie\u0107 co doprowadzi\u0142o do tego, \u017ce zachorowa\u0142a i poradzi\u0107 sobie ze zwi\u0105zanymi z tym emocjami.<br \/>\nDla biologii nadrz\u0119dnym celem jest utrzymanie cz\u0142owieka przy \u017cyciu.<br \/>\nW sytuacjach trudnych, w kt\u00f3rych cz\u0142owiek nie jest w stanie poradzi\u0107 sobie z emocjami najlepszym rozwi\u0105zaniem biologii jest choroba.<br \/>\nSpojrzenie w taki spos\u00f3b ma bardzo uwalniaj\u0105cy efekt.&nbsp;<br \/>\nPonadto metod poszerza nasz\u0105 perspektyw\u0119 na temat przyczyny choroby o \u017cycie przodk\u00f3w i ich wp\u0142ywu na nasze \u017cycia. To za spraw\u0105 ich do\u015bwiadcze\u0144 i post\u0119powania nosimy nierozwi\u0105zane konflikty rodowe, kt\u00f3re objawiaj\u0105 si\u0119 w naszym \u017cyciu pod postaci\u0105 choroby. Dostrze\u017cenie i u\u015bwiadomienie sobie tego faktu jest pocz\u0105tkiem na drodze do wyzdrowienia.&nbsp;&nbsp;<\/p>\n","protected":false},"excerpt":{"rendered":"<p>Totalna Biologia\u00ae jest metod\u0105, kt\u00f3rej tw\u00f3rc\u0105 jest dr Gilbert Renaud w oparciu o odkrycia m.in dr Clauda Sabbah&#8217;a, dr Ryke Geerd&#8217;a Hamer&#8217;a, Marca Fr\u00e9cheta czy Anne Ancelin Sch\u00fctzenberger. Zak\u0142ada, \u017ce choroba jest spowodowana konfliktem emocjonalnym jaki do\u015bwiadczy\u0142a osoba lub kto\u015b z jej bli\u017cszej lub dalszej rodziny. Metoda postrzega chorob\u0119 jako pomoc ze strony m\u00f3zgu, kt\u00f3ry [&hellip;]<\/p>\n","protected":false},"author":1,"featured_media":0,"parent":0,"menu_order":0,"comment_status":"closed","ping_status":"closed","template":"","meta":{"_editorskit_title_hidden":false,"_editorskit_reading_time":0,"_editorskit_is_block_options_detached":false,"_editorskit_block_options_position":"{}","footnotes":""},"class_list":["post-30","page","type-page","status-publish","hentry"],"yoast_head":"<!-- This site is optimized with the Yoast SEO plugin v23.7 - https:\/\/yoast.com\/wordpress\/plugins\/seo\/ -->\n<title>Metoda - Totalna Biologia\u00ae<\/title>\n<meta name=\"robots\" content=\"index, follow, max-snippet:-1, max-image-preview:large, max-video-preview:-1\" \/>\n<link rel=\"canonical\" href=\"https:\/\/totalnabiologia-konsultacje.pl\/?page_id=30\" \/>\n<meta property=\"og:locale\" content=\"en_US\" \/>\n<meta property=\"og:type\" content=\"article\" \/>\n<meta property=\"og:title\" content=\"Metoda - Totalna Biologia\u00ae\" \/>\n<meta property=\"og:description\" content=\"Totalna Biologia\u00ae jest metod\u0105, kt\u00f3rej tw\u00f3rc\u0105 jest dr Gilbert Renaud w oparciu o odkrycia m.in dr Clauda Sabbah&#8217;a, dr Ryke Geerd&#8217;a Hamer&#8217;a, Marca Fr\u00e9cheta czy Anne Ancelin Sch\u00fctzenberger. Zak\u0142ada, \u017ce choroba jest spowodowana konfliktem emocjonalnym jaki do\u015bwiadczy\u0142a osoba lub kto\u015b z jej bli\u017cszej lub dalszej rodziny. Metoda postrzega chorob\u0119 jako pomoc ze strony m\u00f3zgu, kt\u00f3ry [&hellip;]\" \/>\n<meta property=\"og:url\" content=\"https:\/\/totalnabiologia-konsultacje.pl\/?page_id=30\" \/>\n<meta property=\"og:site_name\" content=\"Totalna Biologia\u00ae\" \/>\n<meta property=\"article:modified_time\" content=\"2024-10-08T19:36:30+00:00\" \/>\n<meta name=\"twitter:card\" content=\"summary_large_image\" \/>\n<meta name=\"twitter:label1\" content=\"Est. reading time\" \/>\n\t<meta name=\"twitter:data1\" content=\"1 minute\" \/>\n<script type=\"application\/ld+json\" class=\"yoast-schema-graph\">{\"@context\":\"https:\/\/schema.org\",\"@graph\":[{\"@type\":\"WebPage\",\"@id\":\"https:\/\/totalnabiologia-konsultacje.pl\/?page_id=30\",\"url\":\"https:\/\/totalnabiologia-konsultacje.pl\/?page_id=30\",\"name\":\"Metoda - Totalna Biologia\u00ae\",\"isPartOf\":{\"@id\":\"https:\/\/totalnabiologia-konsultacje.pl\/#website\"},\"datePublished\":\"2024-10-06T11:14:14+00:00\",\"dateModified\":\"2024-10-08T19:36:30+00:00\",\"breadcrumb\":{\"@id\":\"https:\/\/totalnabiologia-konsultacje.pl\/?page_id=30#breadcrumb\"},\"inLanguage\":\"en-US\",\"potentialAction\":[{\"@type\":\"ReadAction\",\"target\":[\"https:\/\/totalnabiologia-konsultacje.pl\/?page_id=30\"]}]},{\"@type\":\"BreadcrumbList\",\"@id\":\"https:\/\/totalnabiologia-konsultacje.pl\/?page_id=30#breadcrumb\",\"itemListElement\":[{\"@type\":\"ListItem\",\"position\":1,\"name\":\"Strona g\u0142\u00f3wna\",\"item\":\"https:\/\/totalnabiologia-konsultacje.pl\/\"},{\"@type\":\"ListItem\",\"position\":2,\"name\":\"Metoda\"}]},{\"@type\":\"WebSite\",\"@id\":\"https:\/\/totalnabiologia-konsultacje.pl\/#website\",\"url\":\"https:\/\/totalnabiologia-konsultacje.pl\/\",\"name\":\"Totalna Biologia\u00ae\",\"description\":\"\",\"potentialAction\":[{\"@type\":\"SearchAction\",\"target\":{\"@type\":\"EntryPoint\",\"urlTemplate\":\"https:\/\/totalnabiologia-konsultacje.pl\/?s={search_term_string}\"},\"query-input\":{\"@type\":\"PropertyValueSpecification\",\"valueRequired\":true,\"valueName\":\"search_term_string\"}}],\"inLanguage\":\"en-US\"}]}<\/script>\n<!-- \/ Yoast SEO plugin. -->","yoast_head_json":{"title":"Metoda - Totalna Biologia\u00ae","robots":{"index":"index","follow":"follow","max-snippet":"max-snippet:-1","max-image-preview":"max-image-preview:large","max-video-preview":"max-video-preview:-1"},"canonical":"https:\/\/totalnabiologia-konsultacje.pl\/?page_id=30","og_locale":"en_US","og_type":"article","og_title":"Metoda - Totalna Biologia\u00ae","og_description":"Totalna Biologia\u00ae jest metod\u0105, kt\u00f3rej tw\u00f3rc\u0105 jest dr Gilbert Renaud w oparciu o odkrycia m.in dr Clauda Sabbah&#8217;a, dr Ryke Geerd&#8217;a Hamer&#8217;a, Marca Fr\u00e9cheta czy Anne Ancelin Sch\u00fctzenberger. Zak\u0142ada, \u017ce choroba jest spowodowana konfliktem emocjonalnym jaki do\u015bwiadczy\u0142a osoba lub kto\u015b z jej bli\u017cszej lub dalszej rodziny. Metoda postrzega chorob\u0119 jako pomoc ze strony m\u00f3zgu, kt\u00f3ry [&hellip;]","og_url":"https:\/\/totalnabiologia-konsultacje.pl\/?page_id=30","og_site_name":"Totalna Biologia\u00ae","article_modified_time":"2024-10-08T19:36:30+00:00","twitter_card":"summary_large_image","twitter_misc":{"Est. reading time":"1 minute"},"schema":{"@context":"https:\/\/schema.org","@graph":[{"@type":"WebPage","@id":"https:\/\/totalnabiologia-konsultacje.pl\/?page_id=30","url":"https:\/\/totalnabiologia-konsultacje.pl\/?page_id=30","name":"Metoda - Totalna Biologia\u00ae","isPartOf":{"@id":"https:\/\/totalnabiologia-konsultacje.pl\/#website"},"datePublished":"2024-10-06T11:14:14+00:00","dateModified":"2024-10-08T19:36:30+00:00","breadcrumb":{"@id":"https:\/\/totalnabiologia-konsultacje.pl\/?page_id=30#breadcrumb"},"inLanguage":"en-US","potentialAction":[{"@type":"ReadAction","target":["https:\/\/totalnabiologia-konsultacje.pl\/?page_id=30"]}]},{"@type":"BreadcrumbList","@id":"https:\/\/totalnabiologia-konsultacje.pl\/?page_id=30#breadcrumb","itemListElement":[{"@type":"ListItem","position":1,"name":"Strona g\u0142\u00f3wna","item":"https:\/\/totalnabiologia-konsultacje.pl\/"},{"@type":"ListItem","position":2,"name":"Metoda"}]},{"@type":"WebSite","@id":"https:\/\/totalnabiologia-konsultacje.pl\/#website","url":"https:\/\/totalnabiologia-konsultacje.pl\/","name":"Totalna Biologia\u00ae","description":"","potentialAction":[{"@type":"SearchAction","target":{"@type":"EntryPoint","urlTemplate":"https:\/\/totalnabiologia-konsultacje.pl\/?s={search_term_string}"},"query-input":{"@type":"PropertyValueSpecification","valueRequired":true,"valueName":"search_term_string"}}],"inLanguage":"en-US"}]}},"_links":{"self":[{"href":"https:\/\/totalnabiologia-konsultacje.pl\/index.php?rest_route=\/wp\/v2\/pages\/30","targetHints":{"allow":["GET"]}}],"collection":[{"href":"https:\/\/totalnabiologia-konsultacje.pl\/index.php?rest_route=\/wp\/v2\/pages"}],"about":[{"href":"https:\/\/totalnabiologia-konsultacje.pl\/index.php?rest_route=\/wp\/v2\/types\/page"}],"author":[{"embeddable":true,"href":"https:\/\/totalnabiologia-konsultacje.pl\/index.php?rest_route=\/wp\/v2\/users\/1"}],"replies":[{"embeddable":true,"href":"https:\/\/totalnabiologia-konsultacje.pl\/index.php?rest_route=%2Fwp%2Fv2%2Fcomments&post=30"}],"version-history":[{"count":2,"href":"https:\/\/totalnabiologia-konsultacje.pl\/index.php?rest_route=\/wp\/v2\/pages\/30\/revisions"}],"predecessor-version":[{"id":82,"href":"https:\/\/totalnabiologia-konsultacje.pl\/index.php?rest_route=\/wp\/v2\/pages\/30\/revisions\/82"}],"wp:attachment":[{"href":"https:\/\/totalnabiologia-konsultacje.pl\/index.php?rest_route=%2Fwp%2Fv2%2Fmedia&parent=30"}],"curies":[{"name":"wp","href":"https:\/\/api.w.org\/{rel}","templated":true}]}}