{"id":36,"date":"2024-10-06T13:05:50","date_gmt":"2024-10-06T11:05:50","guid":{"rendered":"https:\/\/totalnabiologia-konsultacje.pl\/?page_id=36"},"modified":"2024-10-13T15:05:37","modified_gmt":"2024-10-13T13:05:37","slug":"kontakt","status":"publish","type":"page","link":"https:\/\/totalnabiologia-konsultacje.pl\/?page_id=36","title":{"rendered":"Kontakt"},"content":{"rendered":"<p style=\"text-align: justify;\">W celu um\u00f3wienia si\u0119 na konsultacje wystarczy zadzwoni\u0107 pod numer telefonu 793072385 lub napisa\u0107 wiadomo\u015b\u0107 na adres kontakt@totalnabiologia-konsultacje.pl.<\/p>\n\n\n<p><\/p>\n","protected":false},"excerpt":{"rendered":"<p>W celu um\u00f3wienia si\u0119 na konsultacje wystarczy zadzwoni\u0107 pod numer telefonu 793072385 lub napisa\u0107 wiadomo\u015b\u0107 na adres kontakt@totalnabiologia-konsultacje.pl.<\/p>\n","protected":false},"author":1,"featured_media":0,"parent":0,"menu_order":0,"comment_status":"closed","ping_status":"closed","template":"","meta":{"_editorskit_title_hidden":false,"_editorskit_reading_time":0,"_editorskit_is_block_options_detached":false,"_editorskit_block_options_position":"{}","footnotes":""},"class_list":["post-36","page","type-page","status-publish","hentry"],"yoast_head":"<!-- This site is optimized with the Yoast SEO plugin v23.7 - https:\/\/yoast.com\/wordpress\/plugins\/seo\/ -->\n<title>Kontakt - Totalna Biologia\u00ae<\/title>\n<meta name=\"robots\" content=\"index, follow, max-snippet:-1, max-image-preview:large, max-video-preview:-1\" \/>\n<link rel=\"canonical\" href=\"https:\/\/totalnabiologia-konsultacje.pl\/?page_id=36\" \/>\n<meta property=\"og:locale\" content=\"en_US\" \/>\n<meta property=\"og:type\" content=\"article\" \/>\n<meta property=\"og:title\" content=\"Kontakt - Totalna Biologia\u00ae\" \/>\n<meta property=\"og:description\" content=\"W celu um\u00f3wienia si\u0119 na konsultacje wystarczy zadzwoni\u0107 pod numer telefonu 793072385 lub napisa\u0107 wiadomo\u015b\u0107 na adres kontakt@totalnabiologia-konsultacje.pl.\" \/>\n<meta property=\"og:url\" content=\"https:\/\/totalnabiologia-konsultacje.pl\/?page_id=36\" \/>\n<meta property=\"og:site_name\" content=\"Totalna Biologia\u00ae\" \/>\n<meta property=\"article:modified_time\" content=\"2024-10-13T13:05:37+00:00\" \/>\n<meta name=\"twitter:card\" content=\"summary_large_image\" \/>\n<script type=\"application\/ld+json\" class=\"yoast-schema-graph\">{\"@context\":\"https:\/\/schema.org\",\"@graph\":[{\"@type\":\"WebPage\",\"@id\":\"https:\/\/totalnabiologia-konsultacje.pl\/?page_id=36\",\"url\":\"https:\/\/totalnabiologia-konsultacje.pl\/?page_id=36\",\"name\":\"Kontakt - Totalna Biologia\u00ae\",\"isPartOf\":{\"@id\":\"https:\/\/totalnabiologia-konsultacje.pl\/#website\"},\"datePublished\":\"2024-10-06T11:05:50+00:00\",\"dateModified\":\"2024-10-13T13:05:37+00:00\",\"breadcrumb\":{\"@id\":\"https:\/\/totalnabiologia-konsultacje.pl\/?page_id=36#breadcrumb\"},\"inLanguage\":\"en-US\",\"potentialAction\":[{\"@type\":\"ReadAction\",\"target\":[\"https:\/\/totalnabiologia-konsultacje.pl\/?page_id=36\"]}]},{\"@type\":\"BreadcrumbList\",\"@id\":\"https:\/\/totalnabiologia-konsultacje.pl\/?page_id=36#breadcrumb\",\"itemListElement\":[{\"@type\":\"ListItem\",\"position\":1,\"name\":\"Strona g\u0142\u00f3wna\",\"item\":\"https:\/\/totalnabiologia-konsultacje.pl\/\"},{\"@type\":\"ListItem\",\"position\":2,\"name\":\"Kontakt\"}]},{\"@type\":\"WebSite\",\"@id\":\"https:\/\/totalnabiologia-konsultacje.pl\/#website\",\"url\":\"https:\/\/totalnabiologia-konsultacje.pl\/\",\"name\":\"Totalna Biologia\u00ae\",\"description\":\"\",\"potentialAction\":[{\"@type\":\"SearchAction\",\"target\":{\"@type\":\"EntryPoint\",\"urlTemplate\":\"https:\/\/totalnabiologia-konsultacje.pl\/?s={search_term_string}\"},\"query-input\":{\"@type\":\"PropertyValueSpecification\",\"valueRequired\":true,\"valueName\":\"search_term_string\"}}],\"inLanguage\":\"en-US\"}]}<\/script>\n<!-- \/ Yoast SEO plugin. -->","yoast_head_json":{"title":"Kontakt - Totalna Biologia\u00ae","robots":{"index":"index","follow":"follow","max-snippet":"max-snippet:-1","max-image-preview":"max-image-preview:large","max-video-preview":"max-video-preview:-1"},"canonical":"https:\/\/totalnabiologia-konsultacje.pl\/?page_id=36","og_locale":"en_US","og_type":"article","og_title":"Kontakt - Totalna Biologia\u00ae","og_description":"W celu um\u00f3wienia si\u0119 na konsultacje wystarczy zadzwoni\u0107 pod numer telefonu 793072385 lub napisa\u0107 wiadomo\u015b\u0107 na adres kontakt@totalnabiologia-konsultacje.pl.","og_url":"https:\/\/totalnabiologia-konsultacje.pl\/?page_id=36","og_site_name":"Totalna Biologia\u00ae","article_modified_time":"2024-10-13T13:05:37+00:00","twitter_card":"summary_large_image","schema":{"@context":"https:\/\/schema.org","@graph":[{"@type":"WebPage","@id":"https:\/\/totalnabiologia-konsultacje.pl\/?page_id=36","url":"https:\/\/totalnabiologia-konsultacje.pl\/?page_id=36","name":"Kontakt - Totalna Biologia\u00ae","isPartOf":{"@id":"https:\/\/totalnabiologia-konsultacje.pl\/#website"},"datePublished":"2024-10-06T11:05:50+00:00","dateModified":"2024-10-13T13:05:37+00:00","breadcrumb":{"@id":"https:\/\/totalnabiologia-konsultacje.pl\/?page_id=36#breadcrumb"},"inLanguage":"en-US","potentialAction":[{"@type":"ReadAction","target":["https:\/\/totalnabiologia-konsultacje.pl\/?page_id=36"]}]},{"@type":"BreadcrumbList","@id":"https:\/\/totalnabiologia-konsultacje.pl\/?page_id=36#breadcrumb","itemListElement":[{"@type":"ListItem","position":1,"name":"Strona g\u0142\u00f3wna","item":"https:\/\/totalnabiologia-konsultacje.pl\/"},{"@type":"ListItem","position":2,"name":"Kontakt"}]},{"@type":"WebSite","@id":"https:\/\/totalnabiologia-konsultacje.pl\/#website","url":"https:\/\/totalnabiologia-konsultacje.pl\/","name":"Totalna Biologia\u00ae","description":"","potentialAction":[{"@type":"SearchAction","target":{"@type":"EntryPoint","urlTemplate":"https:\/\/totalnabiologia-konsultacje.pl\/?s={search_term_string}"},"query-input":{"@type":"PropertyValueSpecification","valueRequired":true,"valueName":"search_term_string"}}],"inLanguage":"en-US"}]}},"_links":{"self":[{"href":"https:\/\/totalnabiologia-konsultacje.pl\/index.php?rest_route=\/wp\/v2\/pages\/36","targetHints":{"allow":["GET"]}}],"collection":[{"href":"https:\/\/totalnabiologia-konsultacje.pl\/index.php?rest_route=\/wp\/v2\/pages"}],"about":[{"href":"https:\/\/totalnabiologia-konsultacje.pl\/index.php?rest_route=\/wp\/v2\/types\/page"}],"author":[{"embeddable":true,"href":"https:\/\/totalnabiologia-konsultacje.pl\/index.php?rest_route=\/wp\/v2\/users\/1"}],"replies":[{"embeddable":true,"href":"https:\/\/totalnabiologia-konsultacje.pl\/index.php?rest_route=%2Fwp%2Fv2%2Fcomments&post=36"}],"version-history":[{"count":3,"href":"https:\/\/totalnabiologia-konsultacje.pl\/index.php?rest_route=\/wp\/v2\/pages\/36\/revisions"}],"predecessor-version":[{"id":107,"href":"https:\/\/totalnabiologia-konsultacje.pl\/index.php?rest_route=\/wp\/v2\/pages\/36\/revisions\/107"}],"wp:attachment":[{"href":"https:\/\/totalnabiologia-konsultacje.pl\/index.php?rest_route=%2Fwp%2Fv2%2Fmedia&parent=36"}],"curies":[{"name":"wp","href":"https:\/\/api.w.org\/{rel}","templated":true}]}}