{"id":52,"date":"2024-10-06T13:13:42","date_gmt":"2024-10-06T11:13:42","guid":{"rendered":"https:\/\/totalnabiologia-konsultacje.pl\/?page_id=52"},"modified":"2024-10-08T21:44:50","modified_gmt":"2024-10-08T19:44:50","slug":"cennik-2","status":"publish","type":"page","link":"https:\/\/totalnabiologia-konsultacje.pl\/?page_id=52","title":{"rendered":"Cennik"},"content":{"rendered":"\n<div class=\"wp-block-group is-layout-grid wp-container-core-group-is-layout-478b6e6b wp-block-group-is-layout-grid\">\n<ul id=\"block-beedb3b2-0bc2-47ca-b841-5a49d320b161\" class=\"wp-block-list\">\n<li>Pierwsza konsultacja&nbsp;&nbsp;<\/li>\n<\/ul>\n\n\n\n<p class=\"wp-container-content-69bc4bdf\" id=\"block-13fe5c74-6eef-44b8-a49c-0cd98adba62d\">Gabinet 2h \u2013 280 z\u0142\u00a0<\/p>\n\n\n\n<p class=\"wp-container-content-69bc4bdf\" id=\"block-5c07bed8-4a1a-4238-8bef-c78072809313\">Online 2h \u2013 250 z\u0142&nbsp;<\/p>\n\n\n\n<ul id=\"block-1906d64f-682c-41f1-89b2-91bfddb60137\" class=\"wp-block-list\">\n<li>Kolejne konsultacje&nbsp;&nbsp;<\/li>\n<\/ul>\n\n\n\n<p id=\"block-ad5969fd-12e3-4d5e-ae83-e1e3ff6b5925\">Gabinet 90 min-230 z\u0142\u00a0<\/p>\n\n\n\n<p class=\"wp-container-content-69bc4bdf\" id=\"block-a9d4b18e-1a6c-4e96-a704-b08569da2671\">Online 90 min-200 z\u0142\u00a0<\/p>\n\n\n\n<p class=\"wp-container-content-5f80b302\" id=\"block-2beddda4-6d93-405a-9645-ff45ade6ac84\">Konsultacje odbywaj\u0105 si\u0119&nbsp;w gabinecie na&nbsp;warszawskim&nbsp;Mokotowie (przy metrze Wierzbno) lub za pomoc\u0105 komunikatora Skype.<\/p>\n\n\n\n<p><\/p>\n<\/div>\n\n\n\n<p><\/p>\n","protected":false},"excerpt":{"rendered":"<p>Gabinet 2h \u2013 280 z\u0142\u00a0 Online 2h \u2013 250 z\u0142&nbsp; Gabinet 90 min-230 z\u0142\u00a0 Online 90 min-200 z\u0142\u00a0 Konsultacje odbywaj\u0105 si\u0119&nbsp;w gabinecie na&nbsp;warszawskim&nbsp;Mokotowie (przy metrze Wierzbno) lub za pomoc\u0105 komunikatora Skype.<\/p>\n","protected":false},"author":1,"featured_media":0,"parent":0,"menu_order":0,"comment_status":"closed","ping_status":"closed","template":"","meta":{"_editorskit_title_hidden":false,"_editorskit_reading_time":0,"_editorskit_is_block_options_detached":false,"_editorskit_block_options_position":"{}","footnotes":""},"class_list":["post-52","page","type-page","status-publish","hentry"],"yoast_head":"<!-- This site is optimized with the Yoast SEO plugin v23.7 - https:\/\/yoast.com\/wordpress\/plugins\/seo\/ -->\n<title>Cennik - Totalna Biologia\u00ae<\/title>\n<meta name=\"robots\" content=\"index, follow, max-snippet:-1, max-image-preview:large, max-video-preview:-1\" \/>\n<link rel=\"canonical\" href=\"https:\/\/totalnabiologia-konsultacje.pl\/?page_id=52\" \/>\n<meta property=\"og:locale\" content=\"en_US\" \/>\n<meta property=\"og:type\" content=\"article\" \/>\n<meta property=\"og:title\" content=\"Cennik - Totalna Biologia\u00ae\" \/>\n<meta property=\"og:description\" content=\"Gabinet 2h \u2013 280 z\u0142\u00a0 Online 2h \u2013 250 z\u0142&nbsp; Gabinet 90 min-230 z\u0142\u00a0 Online 90 min-200 z\u0142\u00a0 Konsultacje odbywaj\u0105 si\u0119&nbsp;w gabinecie na&nbsp;warszawskim&nbsp;Mokotowie (przy metrze Wierzbno) lub za pomoc\u0105 komunikatora Skype.\" \/>\n<meta property=\"og:url\" content=\"https:\/\/totalnabiologia-konsultacje.pl\/?page_id=52\" \/>\n<meta property=\"og:site_name\" content=\"Totalna Biologia\u00ae\" \/>\n<meta property=\"article:modified_time\" content=\"2024-10-08T19:44:50+00:00\" \/>\n<meta name=\"twitter:card\" content=\"summary_large_image\" \/>\n<script type=\"application\/ld+json\" class=\"yoast-schema-graph\">{\"@context\":\"https:\/\/schema.org\",\"@graph\":[{\"@type\":\"WebPage\",\"@id\":\"https:\/\/totalnabiologia-konsultacje.pl\/?page_id=52\",\"url\":\"https:\/\/totalnabiologia-konsultacje.pl\/?page_id=52\",\"name\":\"Cennik - Totalna Biologia\u00ae\",\"isPartOf\":{\"@id\":\"https:\/\/totalnabiologia-konsultacje.pl\/#website\"},\"datePublished\":\"2024-10-06T11:13:42+00:00\",\"dateModified\":\"2024-10-08T19:44:50+00:00\",\"breadcrumb\":{\"@id\":\"https:\/\/totalnabiologia-konsultacje.pl\/?page_id=52#breadcrumb\"},\"inLanguage\":\"en-US\",\"potentialAction\":[{\"@type\":\"ReadAction\",\"target\":[\"https:\/\/totalnabiologia-konsultacje.pl\/?page_id=52\"]}]},{\"@type\":\"BreadcrumbList\",\"@id\":\"https:\/\/totalnabiologia-konsultacje.pl\/?page_id=52#breadcrumb\",\"itemListElement\":[{\"@type\":\"ListItem\",\"position\":1,\"name\":\"Strona g\u0142\u00f3wna\",\"item\":\"https:\/\/totalnabiologia-konsultacje.pl\/\"},{\"@type\":\"ListItem\",\"position\":2,\"name\":\"Cennik\"}]},{\"@type\":\"WebSite\",\"@id\":\"https:\/\/totalnabiologia-konsultacje.pl\/#website\",\"url\":\"https:\/\/totalnabiologia-konsultacje.pl\/\",\"name\":\"Totalna Biologia\u00ae\",\"description\":\"\",\"potentialAction\":[{\"@type\":\"SearchAction\",\"target\":{\"@type\":\"EntryPoint\",\"urlTemplate\":\"https:\/\/totalnabiologia-konsultacje.pl\/?s={search_term_string}\"},\"query-input\":{\"@type\":\"PropertyValueSpecification\",\"valueRequired\":true,\"valueName\":\"search_term_string\"}}],\"inLanguage\":\"en-US\"}]}<\/script>\n<!-- \/ Yoast SEO plugin. -->","yoast_head_json":{"title":"Cennik - Totalna Biologia\u00ae","robots":{"index":"index","follow":"follow","max-snippet":"max-snippet:-1","max-image-preview":"max-image-preview:large","max-video-preview":"max-video-preview:-1"},"canonical":"https:\/\/totalnabiologia-konsultacje.pl\/?page_id=52","og_locale":"en_US","og_type":"article","og_title":"Cennik - Totalna Biologia\u00ae","og_description":"Gabinet 2h \u2013 280 z\u0142\u00a0 Online 2h \u2013 250 z\u0142&nbsp; Gabinet 90 min-230 z\u0142\u00a0 Online 90 min-200 z\u0142\u00a0 Konsultacje odbywaj\u0105 si\u0119&nbsp;w gabinecie na&nbsp;warszawskim&nbsp;Mokotowie (przy metrze Wierzbno) lub za pomoc\u0105 komunikatora Skype.","og_url":"https:\/\/totalnabiologia-konsultacje.pl\/?page_id=52","og_site_name":"Totalna Biologia\u00ae","article_modified_time":"2024-10-08T19:44:50+00:00","twitter_card":"summary_large_image","schema":{"@context":"https:\/\/schema.org","@graph":[{"@type":"WebPage","@id":"https:\/\/totalnabiologia-konsultacje.pl\/?page_id=52","url":"https:\/\/totalnabiologia-konsultacje.pl\/?page_id=52","name":"Cennik - Totalna Biologia\u00ae","isPartOf":{"@id":"https:\/\/totalnabiologia-konsultacje.pl\/#website"},"datePublished":"2024-10-06T11:13:42+00:00","dateModified":"2024-10-08T19:44:50+00:00","breadcrumb":{"@id":"https:\/\/totalnabiologia-konsultacje.pl\/?page_id=52#breadcrumb"},"inLanguage":"en-US","potentialAction":[{"@type":"ReadAction","target":["https:\/\/totalnabiologia-konsultacje.pl\/?page_id=52"]}]},{"@type":"BreadcrumbList","@id":"https:\/\/totalnabiologia-konsultacje.pl\/?page_id=52#breadcrumb","itemListElement":[{"@type":"ListItem","position":1,"name":"Strona g\u0142\u00f3wna","item":"https:\/\/totalnabiologia-konsultacje.pl\/"},{"@type":"ListItem","position":2,"name":"Cennik"}]},{"@type":"WebSite","@id":"https:\/\/totalnabiologia-konsultacje.pl\/#website","url":"https:\/\/totalnabiologia-konsultacje.pl\/","name":"Totalna Biologia\u00ae","description":"","potentialAction":[{"@type":"SearchAction","target":{"@type":"EntryPoint","urlTemplate":"https:\/\/totalnabiologia-konsultacje.pl\/?s={search_term_string}"},"query-input":{"@type":"PropertyValueSpecification","valueRequired":true,"valueName":"search_term_string"}}],"inLanguage":"en-US"}]}},"_links":{"self":[{"href":"https:\/\/totalnabiologia-konsultacje.pl\/index.php?rest_route=\/wp\/v2\/pages\/52","targetHints":{"allow":["GET"]}}],"collection":[{"href":"https:\/\/totalnabiologia-konsultacje.pl\/index.php?rest_route=\/wp\/v2\/pages"}],"about":[{"href":"https:\/\/totalnabiologia-konsultacje.pl\/index.php?rest_route=\/wp\/v2\/types\/page"}],"author":[{"embeddable":true,"href":"https:\/\/totalnabiologia-konsultacje.pl\/index.php?rest_route=\/wp\/v2\/users\/1"}],"replies":[{"embeddable":true,"href":"https:\/\/totalnabiologia-konsultacje.pl\/index.php?rest_route=%2Fwp%2Fv2%2Fcomments&post=52"}],"version-history":[{"count":4,"href":"https:\/\/totalnabiologia-konsultacje.pl\/index.php?rest_route=\/wp\/v2\/pages\/52\/revisions"}],"predecessor-version":[{"id":87,"href":"https:\/\/totalnabiologia-konsultacje.pl\/index.php?rest_route=\/wp\/v2\/pages\/52\/revisions\/87"}],"wp:attachment":[{"href":"https:\/\/totalnabiologia-konsultacje.pl\/index.php?rest_route=%2Fwp%2Fv2%2Fmedia&parent=52"}],"curies":[{"name":"wp","href":"https:\/\/api.w.org\/{rel}","templated":true}]}}